{"id":441,"date":"2023-10-02T15:53:46","date_gmt":"2023-10-02T13:53:46","guid":{"rendered":"https:\/\/studiobenjaminbousquet.com\/?page_id=441"},"modified":"2024-06-24T15:39:32","modified_gmt":"2024-06-24T13:39:32","slug":"contact","status":"publish","type":"page","link":"https:\/\/studiobenjaminbousquet.com\/index.php\/contact\/","title":{"rendered":"Contact"},"content":{"rendered":"\n<p class=\"has-red-color has-text-color has-regular-font-size\">Il est tout \u00e0 fait envisageable de me d\u00e9placer pour du mixage fa\u00e7ade et de l&rsquo;enregistrement live (me contacter pour plus de d\u00e9tail)<\/p>\n\n\n\n<p class=\"has-orange-color has-text-color has-larger-font-size\">Le studio est bas\u00e9 sur Pompignan:<\/p>\n\n\n\n<iframe src=\"https:\/\/www.google.com\/maps\/embed?pb=!1m18!1m12!1m3!1d126440.86338188789!2d3.7770378892739256!3d43.879772156881195!2m3!1f0!2f0!3f0!3m2!1i1024!2i768!4f13.1!3m3!1m2!1s0x12b40f6cc5e6031f%3A0x6cb63c64fc4d8cb5!2s30170%20Pompignan!5e0!3m2!1sfr!2sfr!4v1696925844781!5m2!1sfr!2sfr\" width=\"400\" height=\"300\" style=\"border:0;\" allowfullscreen=\"\" loading=\"lazy\" referrerpolicy=\"no-referrer-when-downgrade\"><\/iframe>\n\n\n\n<p class=\"has-orange-color has-text-color has-larger-font-size\">Voici mon adresse mail pour toutes questions:<\/p>\n\n\n\n<p class=\"has-larger-font-size\"><a href=\"mailto:benjaminbousquet7@gmail.com\">studiobenjaminbousquet@gmail.com<\/a><\/p>\n\n\n\n<p>Merci<\/p>\n\n\n\n<figure class=\"wp-block-image size-full is-resized\"><a href=\"https:\/\/www.instagram.com\/studiobenjaminbousquet\/\"><img loading=\"lazy\" decoding=\"async\" width=\"220\" height=\"220\" src=\"https:\/\/studiobenjaminbousquet.com\/wp-content\/uploads\/2023\/10\/Instagram_logo_2022.svg_.png\" alt=\"\" class=\"wp-image-864\" style=\"width:36px;height:36px\" srcset=\"https:\/\/studiobenjaminbousquet.com\/wp-content\/uploads\/2023\/10\/Instagram_logo_2022.svg_.png 220w, https:\/\/studiobenjaminbousquet.com\/wp-content\/uploads\/2023\/10\/Instagram_logo_2022.svg_-150x150.png 150w\" sizes=\"auto, (max-width: 220px) 100vw, 220px\" \/><\/a><\/figure>\n","protected":false},"excerpt":{"rendered":"<p>Il est tout \u00e0 fait envisageable de me d\u00e9placer pour du mixage fa\u00e7ade et de l&rsquo;enregistrement live (me contacter pour plus de d\u00e9tail) Le studio est bas\u00e9 sur Pompignan: Voici mon adresse mail pour toutes [&hellip;]<\/p>\n","protected":false},"author":1,"featured_media":0,"parent":0,"menu_order":0,"comment_status":"closed","ping_status":"closed","template":"","meta":{"footnotes":""},"class_list":["post-441","page","type-page","status-publish","hentry"],"_links":{"self":[{"href":"https:\/\/studiobenjaminbousquet.com\/index.php\/wp-json\/wp\/v2\/pages\/441","targetHints":{"allow":["GET"]}}],"collection":[{"href":"https:\/\/studiobenjaminbousquet.com\/index.php\/wp-json\/wp\/v2\/pages"}],"about":[{"href":"https:\/\/studiobenjaminbousquet.com\/index.php\/wp-json\/wp\/v2\/types\/page"}],"author":[{"embeddable":true,"href":"https:\/\/studiobenjaminbousquet.com\/index.php\/wp-json\/wp\/v2\/users\/1"}],"replies":[{"embeddable":true,"href":"https:\/\/studiobenjaminbousquet.com\/index.php\/wp-json\/wp\/v2\/comments?post=441"}],"version-history":[{"count":16,"href":"https:\/\/studiobenjaminbousquet.com\/index.php\/wp-json\/wp\/v2\/pages\/441\/revisions"}],"predecessor-version":[{"id":1193,"href":"https:\/\/studiobenjaminbousquet.com\/index.php\/wp-json\/wp\/v2\/pages\/441\/revisions\/1193"}],"wp:attachment":[{"href":"https:\/\/studiobenjaminbousquet.com\/index.php\/wp-json\/wp\/v2\/media?parent=441"}],"curies":[{"name":"wp","href":"https:\/\/api.w.org\/{rel}","templated":true}]}}